{"id":1903,"date":"2019-08-06T15:01:57","date_gmt":"2019-08-06T13:01:57","guid":{"rendered":"http:\/\/51.91.110.143\/cosmeticos\/"},"modified":"2020-04-14T15:12:34","modified_gmt":"2020-04-14T13:12:34","slug":"cosmeticos","status":"publish","type":"page","link":"http:\/\/www.groupesit.com\/pt-br\/cosmeticos\/","title":{"rendered":"Cosm\u00e9ticos"},"content":{"rendered":"\t\t<div data-elementor-type=\"wp-post\" data-elementor-id=\"1903\" class=\"elementor elementor-1903 elementor-402\">\n\t\t\t\t\t\t<section class=\"elementor-section elementor-top-section elementor-element elementor-element-fcf276d elementor-section-full_width elementor-section-height-min-height elementor-section-items-stretch elementor-section-content-middle elementor-hidden-phone elementor-section-height-default\" data-id=\"fcf276d\" data-element_type=\"section\" data-e-type=\"section\" data-settings=\"{&quot;background_background&quot;:&quot;none&quot;}\">\n\t\t\t\t\t\t<div class=\"elementor-container elementor-column-gap-extended\">\n\t\t\t\t\t<div class=\"elementor-column elementor-col-25 elementor-top-column elementor-element elementor-element-6d17907\" data-id=\"6d17907\" data-element_type=\"column\" data-e-type=\"column\" data-settings=\"{&quot;background_background&quot;:&quot;classic&quot;}\">\n\t\t\t<div class=\"elementor-widget-wrap elementor-element-populated\">\n\t\t\t\t\t\t<div class=\"elementor-element elementor-element-7f3eda4 elementor-widget elementor-widget-text-editor\" data-id=\"7f3eda4\" data-element_type=\"widget\" data-e-type=\"widget\" data-widget_type=\"text-editor.default\">\n\t\t\t\t<div class=\"elementor-widget-container\">\n\t\t\t\t\t\t\t\t\t<p>\u2234 Processo<br \/>\u2234 CIP (limpeza no local)<br \/>\u2234 PW (\u00e1gua purificada)<br \/>\u2234 Limpeza a vapor<br \/>\u2234 G\u00e1s puro\u00a0<\/p>\t\t\t\t\t\t\t\t<\/div>\n\t\t\t\t<\/div>\n\t\t\t\t\t<\/div>\n\t\t<\/div>\n\t\t\t\t<div class=\"elementor-column elementor-col-25 elementor-top-column elementor-element elementor-element-5a754739\" data-id=\"5a754739\" data-element_type=\"column\" data-e-type=\"column\" data-settings=\"{&quot;background_background&quot;:&quot;classic&quot;}\">\n\t\t\t<div class=\"elementor-widget-wrap elementor-element-populated\">\n\t\t\t\t\t\t<div class=\"elementor-element elementor-element-d62e949 elementor-widget elementor-widget-gallery\" data-id=\"d62e949\" data-element_type=\"widget\" data-e-type=\"widget\" data-widget_type=\"gallery.default\">\n\t\t\t\t<div class=\"elementor-widget-container\">\n\t\t\t\t\t \t\t\t\t<\/div>\n\t\t\t\t<\/div>\n\t\t\t\t\t<\/div>\n\t\t<\/div>\n\t\t\t\t<div class=\"elementor-column elementor-col-25 elementor-top-column elementor-element elementor-element-bc6b8b9\" data-id=\"bc6b8b9\" data-element_type=\"column\" data-e-type=\"column\">\n\t\t\t<div class=\"elementor-widget-wrap\">\n\t\t\t\t\t\t\t<\/div>\n\t\t<\/div>\n\t\t\t\t<div class=\"elementor-column elementor-col-25 elementor-top-column elementor-element elementor-element-4f357da\" data-id=\"4f357da\" data-element_type=\"column\" data-e-type=\"column\">\n\t\t\t<div class=\"elementor-widget-wrap elementor-element-populated\">\n\t\t\t\t\t\t<div class=\"elementor-element elementor-element-067c4ba elementor-invisible elementor-widget elementor-widget-heading\" data-id=\"067c4ba\" data-element_type=\"widget\" data-e-type=\"widget\" data-settings=\"{&quot;_animation&quot;:&quot;slideInUp&quot;}\" data-widget_type=\"heading.default\">\n\t\t\t\t<div class=\"elementor-widget-container\">\n\t\t\t\t\t<h2 class=\"elementor-heading-title elementor-size-default\">Nossas presta\u00e7\u00f5es<\/h2>\t\t\t\t<\/div>\n\t\t\t\t<\/div>\n\t\t\t\t<div class=\"elementor-element elementor-element-9c7dfda elementor-widget-divider--view-line elementor-invisible elementor-widget elementor-widget-divider\" data-id=\"9c7dfda\" data-element_type=\"widget\" data-e-type=\"widget\" data-settings=\"{&quot;_animation&quot;:&quot;slideInUp&quot;}\" data-widget_type=\"divider.default\">\n\t\t\t\t<div class=\"elementor-widget-container\">\n\t\t\t\t\t\t\t<div class=\"elementor-divider\">\n\t\t\t<span class=\"elementor-divider-separator\">\n\t\t\t\t\t\t<\/span>\n\t\t<\/div>\n\t\t\t\t\t\t<\/div>\n\t\t\t\t<\/div>\n\t\t\t\t<div class=\"elementor-element elementor-element-51857b9 elementor-widget elementor-widget-text-editor\" data-id=\"51857b9\" data-element_type=\"widget\" data-e-type=\"widget\" data-widget_type=\"text-editor.default\">\n\t\t\t\t<div class=\"elementor-widget-container\">\n\t\t\t\t\t\t\t\t\t<ul><li>Gerenciamento de projetos, estudos de realiza\u00e7\u00e3o<\/li><li>Realiza\u00e7\u00e3o de arquivos DOE<\/li><li>Planos de detalhe 2D \/ 3D em software CAD<\/li><li>Conformidade com padr\u00f5es e requisitos do cliente<\/li><li>Soldagem com m\u00e1quina orbital e soldagem manual <br \/>por operadores capacitados<\/li><li>Gest\u00e3o e controle das obras<\/li><li>Plano de preven\u00e7\u00e3o e valida\u00e7\u00e3o das instala\u00e7\u00f5es com <br \/>parceiros de consultoria especializada<\/li><\/ul>\t\t\t\t\t\t\t\t<\/div>\n\t\t\t\t<\/div>\n\t\t\t\t\t<\/div>\n\t\t<\/div>\n\t\t\t\t\t<\/div>\n\t\t<\/section>\n\t\t\t\t<section class=\"elementor-section elementor-top-section elementor-element elementor-element-f2252fa elementor-section-full_width elementor-section-height-min-height elementor-section-items-stretch elementor-section-content-middle elementor-hidden-phone elementor-section-height-default\" data-id=\"f2252fa\" data-element_type=\"section\" data-e-type=\"section\" data-settings=\"{&quot;background_background&quot;:&quot;none&quot;}\">\n\t\t\t\t\t\t<div class=\"elementor-container elementor-column-gap-extended\">\n\t\t\t\t\t<div class=\"elementor-column elementor-col-25 elementor-top-column elementor-element elementor-element-d01f810\" data-id=\"d01f810\" data-element_type=\"column\" data-e-type=\"column\">\n\t\t\t<div class=\"elementor-widget-wrap\">\n\t\t\t\t\t\t\t<\/div>\n\t\t<\/div>\n\t\t\t\t<div class=\"elementor-column elementor-col-25 elementor-top-column elementor-element elementor-element-f31213b\" data-id=\"f31213b\" data-element_type=\"column\" data-e-type=\"column\" data-settings=\"{&quot;background_background&quot;:&quot;classic&quot;}\">\n\t\t\t<div class=\"elementor-widget-wrap elementor-element-populated\">\n\t\t\t\t\t\t<div class=\"elementor-element elementor-element-395e0f3 elementor-widget elementor-widget-gallery\" data-id=\"395e0f3\" data-element_type=\"widget\" data-e-type=\"widget\" data-widget_type=\"gallery.default\">\n\t\t\t\t<div class=\"elementor-widget-container\">\n\t\t\t\t\t \t\t\t\t<\/div>\n\t\t\t\t<\/div>\n\t\t\t\t\t<\/div>\n\t\t<\/div>\n\t\t\t\t<div class=\"elementor-column elementor-col-25 elementor-top-column elementor-element elementor-element-5448dd3\" data-id=\"5448dd3\" data-element_type=\"column\" data-e-type=\"column\">\n\t\t\t<div class=\"elementor-widget-wrap\">\n\t\t\t\t\t\t\t<\/div>\n\t\t<\/div>\n\t\t\t\t<div class=\"elementor-column elementor-col-25 elementor-top-column elementor-element elementor-element-308f3a9\" data-id=\"308f3a9\" data-element_type=\"column\" data-e-type=\"column\">\n\t\t\t<div class=\"elementor-widget-wrap elementor-element-populated\">\n\t\t\t\t\t\t<div class=\"elementor-element elementor-element-f2f24b7 elementor-invisible elementor-widget elementor-widget-heading\" data-id=\"f2f24b7\" data-element_type=\"widget\" data-e-type=\"widget\" data-settings=\"{&quot;_animation&quot;:&quot;slideInUp&quot;}\" data-widget_type=\"heading.default\">\n\t\t\t\t<div class=\"elementor-widget-container\">\n\t\t\t\t\t<h2 class=\"elementor-heading-title elementor-size-default\">Meios \u00e0 sua disposi\u00e7\u00e3o<\/h2>\t\t\t\t<\/div>\n\t\t\t\t<\/div>\n\t\t\t\t<div class=\"elementor-element elementor-element-6291d1c elementor-widget-divider--view-line elementor-invisible elementor-widget elementor-widget-divider\" data-id=\"6291d1c\" data-element_type=\"widget\" data-e-type=\"widget\" data-settings=\"{&quot;_animation&quot;:&quot;slideInUp&quot;}\" data-widget_type=\"divider.default\">\n\t\t\t\t<div class=\"elementor-widget-container\">\n\t\t\t\t\t\t\t<div class=\"elementor-divider\">\n\t\t\t<span class=\"elementor-divider-separator\">\n\t\t\t\t\t\t<\/span>\n\t\t<\/div>\n\t\t\t\t\t\t<\/div>\n\t\t\t\t<\/div>\n\t\t\t\t<div class=\"elementor-element elementor-element-f860481 elementor-widget elementor-widget-text-editor\" data-id=\"f860481\" data-element_type=\"widget\" data-e-type=\"widget\" data-widget_type=\"text-editor.default\">\n\t\t\t\t<div class=\"elementor-widget-container\">\n\t\t\t\t\t\t\t\t\t<ul><li>Escrit\u00f3rios de design (designers, desenhistas)<\/li><li>Gerenciamento de projetos (gerentes de projetos)<\/li><li>Equipes de montagem experientes e especializadas (supervisores <br \/>locais, montadores de tubos especializados em a\u00e7o inoxid\u00e1vel)<\/li><li>2 plantas de montagem de a\u00e7o inoxid\u00e1vel (tanques de armazenamento <br \/>e processamento, m\u00f3dulos em skids, pr\u00e9-fabrica\u00e7\u00e3o de conjuntos)<\/li><li>T\u00e9cnicos de comissionamento e automatiza\u00e7\u00e3o de processos<\/li><li>Assist\u00eancia t\u00e9cnica<\/li><\/ul>\t\t\t\t\t\t\t\t<\/div>\n\t\t\t\t<\/div>\n\t\t\t\t\t<\/div>\n\t\t<\/div>\n\t\t\t\t\t<\/div>\n\t\t<\/section>\n\t\t\t\t<section class=\"elementor-section elementor-top-section elementor-element elementor-element-aba7bec elementor-section-full_width elementor-section-height-min-height elementor-section-items-stretch elementor-section-content-middle elementor-hidden-desktop elementor-hidden-tablet elementor-section-height-default\" data-id=\"aba7bec\" data-element_type=\"section\" data-e-type=\"section\" data-settings=\"{&quot;background_background&quot;:&quot;none&quot;}\">\n\t\t\t\t\t\t<div class=\"elementor-container elementor-column-gap-extended\">\n\t\t\t\t\t<div class=\"elementor-column elementor-col-100 elementor-top-column elementor-element elementor-element-2ac043a\" data-id=\"2ac043a\" data-element_type=\"column\" data-e-type=\"column\">\n\t\t\t<div class=\"elementor-widget-wrap elementor-element-populated\">\n\t\t\t\t\t\t<div class=\"elementor-element elementor-element-348106a elementor-invisible elementor-widget elementor-widget-heading\" data-id=\"348106a\" data-element_type=\"widget\" data-e-type=\"widget\" data-settings=\"{&quot;_animation&quot;:&quot;slideInUp&quot;}\" data-widget_type=\"heading.default\">\n\t\t\t\t<div class=\"elementor-widget-container\">\n\t\t\t\t\t<h2 class=\"elementor-heading-title elementor-size-default\">Nossas presta\u00e7\u00f5es<\/h2>\t\t\t\t<\/div>\n\t\t\t\t<\/div>\n\t\t\t\t<div class=\"elementor-element elementor-element-696ad0e elementor-widget-divider--view-line elementor-invisible elementor-widget elementor-widget-divider\" data-id=\"696ad0e\" data-element_type=\"widget\" data-e-type=\"widget\" data-settings=\"{&quot;_animation&quot;:&quot;slideInUp&quot;}\" data-widget_type=\"divider.default\">\n\t\t\t\t<div class=\"elementor-widget-container\">\n\t\t\t\t\t\t\t<div class=\"elementor-divider\">\n\t\t\t<span class=\"elementor-divider-separator\">\n\t\t\t\t\t\t<\/span>\n\t\t<\/div>\n\t\t\t\t\t\t<\/div>\n\t\t\t\t<\/div>\n\t\t\t\t<div class=\"elementor-element elementor-element-b6bef8e elementor-widget elementor-widget-slides\" data-id=\"b6bef8e\" data-element_type=\"widget\" data-e-type=\"widget\" data-widget_type=\"slides.default\">\n\t\t\t\t<div class=\"elementor-widget-container\">\n\t\t\t\t\t \t\t\t\t<\/div>\n\t\t\t\t<\/div>\n\t\t\t\t<div class=\"elementor-element elementor-element-243492f elementor-widget elementor-widget-text-editor\" data-id=\"243492f\" data-element_type=\"widget\" data-e-type=\"widget\" data-widget_type=\"text-editor.default\">\n\t\t\t\t<div class=\"elementor-widget-container\">\n\t\t\t\t\t\t\t\t\t<ul><li>Gerenciamento de projetos<\/li><li>Estudos de realiza\u00e7\u00e3o<\/li><li>Realiza\u00e7\u00e3o de arquivos DOE<\/li><li>Planos de detalhe 2D \/ 3D em software CAD<\/li><li>Conformidade com padr\u00f5es e requisitos do cliente<\/li><li>Soldagem com m\u00e1quina orbital e soldagem manual por operadores capacitados<\/li><li>Gest\u00e3o e controle das obras<\/li><li>Plano de preven\u00e7\u00e3o e valida\u00e7\u00e3o <br \/>das instala\u00e7\u00f5es com parceiros de consultoria especializada<\/li><\/ul>\t\t\t\t\t\t\t\t<\/div>\n\t\t\t\t<\/div>\n\t\t\t\t\t<\/div>\n\t\t<\/div>\n\t\t\t\t\t<\/div>\n\t\t<\/section>\n\t\t\t\t<section class=\"elementor-section elementor-top-section elementor-element elementor-element-db45680 elementor-section-full_width elementor-section-height-min-height elementor-section-items-stretch elementor-section-content-middle elementor-hidden-desktop elementor-hidden-tablet elementor-section-height-default\" data-id=\"db45680\" data-element_type=\"section\" data-e-type=\"section\" data-settings=\"{&quot;background_background&quot;:&quot;none&quot;}\">\n\t\t\t\t\t\t<div class=\"elementor-container elementor-column-gap-extended\">\n\t\t\t\t\t<div class=\"elementor-column elementor-col-50 elementor-top-column elementor-element elementor-element-0f92ca8\" data-id=\"0f92ca8\" data-element_type=\"column\" data-e-type=\"column\" data-settings=\"{&quot;background_background&quot;:&quot;classic&quot;}\">\n\t\t\t<div class=\"elementor-widget-wrap elementor-element-populated\">\n\t\t\t\t\t\t<div class=\"elementor-element elementor-element-9155f2d elementor-widget elementor-widget-text-editor\" data-id=\"9155f2d\" data-element_type=\"widget\" data-e-type=\"widget\" data-widget_type=\"text-editor.default\">\n\t\t\t\t<div class=\"elementor-widget-container\">\n\t\t\t\t\t\t\t\t\t<p>\u2234 Processo<br \/>\u2234 PW (\u00e1gua purificada)<br \/>\u2234 Limpeza a vapor<br \/>\u2234 CIP (limpeza no local)<br \/>\u2234 G\u00e1s puro<\/p>\t\t\t\t\t\t\t\t<\/div>\n\t\t\t\t<\/div>\n\t\t\t\t\t<\/div>\n\t\t<\/div>\n\t\t\t\t<div class=\"elementor-column elementor-col-50 elementor-top-column elementor-element elementor-element-efea23d\" data-id=\"efea23d\" data-element_type=\"column\" data-e-type=\"column\">\n\t\t\t<div class=\"elementor-widget-wrap elementor-element-populated\">\n\t\t\t\t\t\t<div class=\"elementor-element elementor-element-cce8f53 elementor-invisible elementor-widget elementor-widget-heading\" data-id=\"cce8f53\" data-element_type=\"widget\" data-e-type=\"widget\" data-settings=\"{&quot;_animation&quot;:&quot;slideInUp&quot;}\" data-widget_type=\"heading.default\">\n\t\t\t\t<div class=\"elementor-widget-container\">\n\t\t\t\t\t<h2 class=\"elementor-heading-title elementor-size-default\">Meios \u00e0 sua disposi\u00e7\u00e3o<\/h2>\t\t\t\t<\/div>\n\t\t\t\t<\/div>\n\t\t\t\t<div class=\"elementor-element elementor-element-3314ba2 elementor-widget-divider--view-line elementor-invisible elementor-widget elementor-widget-divider\" data-id=\"3314ba2\" data-element_type=\"widget\" data-e-type=\"widget\" data-settings=\"{&quot;_animation&quot;:&quot;slideInUp&quot;}\" data-widget_type=\"divider.default\">\n\t\t\t\t<div class=\"elementor-widget-container\">\n\t\t\t\t\t\t\t<div class=\"elementor-divider\">\n\t\t\t<span class=\"elementor-divider-separator\">\n\t\t\t\t\t\t<\/span>\n\t\t<\/div>\n\t\t\t\t\t\t<\/div>\n\t\t\t\t<\/div>\n\t\t\t\t<div class=\"elementor-element elementor-element-bd422be elementor-widget elementor-widget-slides\" data-id=\"bd422be\" data-element_type=\"widget\" data-e-type=\"widget\" data-widget_type=\"slides.default\">\n\t\t\t\t<div class=\"elementor-widget-container\">\n\t\t\t\t\t \t\t\t\t<\/div>\n\t\t\t\t<\/div>\n\t\t\t\t<div class=\"elementor-element elementor-element-d1e3f85 elementor-widget elementor-widget-text-editor\" data-id=\"d1e3f85\" data-element_type=\"widget\" data-e-type=\"widget\" data-widget_type=\"text-editor.default\">\n\t\t\t\t<div class=\"elementor-widget-container\">\n\t\t\t\t\t\t\t\t\t<ul><li>Escrit\u00f3rios de design <br \/>(designers, desenhistas)<\/li><li>Gerenciamento de projetos (gerentes de projetos)<\/li><li>Equipes de montagem experientes e especializadas (supervisores locais, montadores de tubos especializados em a\u00e7o inoxid\u00e1vel)<\/li><li>2 plantas de montagem de a\u00e7o inoxid\u00e1vel (tanques de armazenamento e processamento, m\u00f3dulos em skids, pr\u00e9-fabrica\u00e7\u00e3o de conjuntos)<\/li><li>T\u00e9cnicos de comissionamento e automatiza\u00e7\u00e3o de processos<\/li><li>Assist\u00eancia t\u00e9cnica<\/li><\/ul>\t\t\t\t\t\t\t\t<\/div>\n\t\t\t\t<\/div>\n\t\t\t\t\t<\/div>\n\t\t<\/div>\n\t\t\t\t\t<\/div>\n\t\t<\/section>\n\t\t\t\t<\/div>\n\t\t","protected":false},"excerpt":{"rendered":"<p>\u2234 Processo\u2234 CIP (limpeza no local)\u2234 PW (\u00e1gua purificada)\u2234 Limpeza a vapor\u2234 G\u00e1s puro\u00a0 Nossas presta\u00e7\u00f5es Gerenciamento de projetos, estudos de realiza\u00e7\u00e3o Realiza\u00e7\u00e3o de arquivos DOE Planos de detalhe 2D \/ 3D em software CAD Conformidade com padr\u00f5es e requisitos do cliente Soldagem com m\u00e1quina orbital e soldagem manual por operadores capacitados Gest\u00e3o e controle [&hellip;]<\/p>\n","protected":false},"author":2,"featured_media":0,"parent":0,"menu_order":0,"comment_status":"closed","ping_status":"closed","template":"","meta":{"inline_featured_image":false,"footnotes":""},"class_list":["post-1903","page","type-page","status-publish","hentry"],"yoast_head":"<!-- This site is optimized with the Yoast SEO plugin v27.5 - https:\/\/yoast.com\/product\/yoast-seo-wordpress\/ -->\n<title>Groupe SIT - Int\u00e9grateur process et utilit\u00e9s - Cosm\u00e9tique<\/title>\n<meta name=\"description\" content=\"Etudes et gestion de vos projets en cosm\u00e9tique, r\u00e9alisations en conformit\u00e9 avec les standards et les derni\u00e8res normes en vigueur.\" \/>\n<meta name=\"robots\" content=\"index, follow, max-snippet:-1, max-image-preview:large, max-video-preview:-1\" \/>\n<link rel=\"canonical\" href=\"http:\/\/www.groupesit.com\/pt-br\/cosmeticos\/\" \/>\n<meta property=\"og:locale\" content=\"pt_BR\" \/>\n<meta property=\"og:type\" content=\"article\" \/>\n<meta property=\"og:title\" content=\"Groupe SIT - Int\u00e9grateur process et utilit\u00e9s - Cosm\u00e9tique\" \/>\n<meta property=\"og:description\" content=\"Etudes et gestion de vos projets en cosm\u00e9tique, r\u00e9alisations en conformit\u00e9 avec les standards et les derni\u00e8res normes en vigueur.\" \/>\n<meta property=\"og:url\" content=\"http:\/\/www.groupesit.com\/pt-br\/cosmeticos\/\" \/>\n<meta property=\"og:site_name\" content=\"Groupe SIT\" \/>\n<meta property=\"article:modified_time\" content=\"2020-04-14T13:12:34+00:00\" \/>\n<meta name=\"twitter:card\" content=\"summary_large_image\" \/>\n<meta name=\"twitter:label1\" content=\"Est. tempo de leitura\" \/>\n\t<meta name=\"twitter:data1\" content=\"1 minuto\" \/>\n<script type=\"application\/ld+json\" class=\"yoast-schema-graph\">{\"@context\":\"https:\\\/\\\/schema.org\",\"@graph\":[{\"@type\":\"WebPage\",\"@id\":\"http:\\\/\\\/www.groupesit.com\\\/pt-br\\\/cosmeticos\\\/\",\"url\":\"http:\\\/\\\/www.groupesit.com\\\/pt-br\\\/cosmeticos\\\/\",\"name\":\"Groupe SIT - Int\u00e9grateur process et utilit\u00e9s - Cosm\u00e9tique\",\"isPartOf\":{\"@id\":\"http:\\\/\\\/www.groupesit.com\\\/pt-br\\\/#website\"},\"datePublished\":\"2019-08-06T13:01:57+00:00\",\"dateModified\":\"2020-04-14T13:12:34+00:00\",\"description\":\"Etudes et gestion de vos projets en cosm\u00e9tique, r\u00e9alisations en conformit\u00e9 avec les standards et les derni\u00e8res normes en vigueur.\",\"breadcrumb\":{\"@id\":\"http:\\\/\\\/www.groupesit.com\\\/pt-br\\\/cosmeticos\\\/#breadcrumb\"},\"inLanguage\":\"pt-BR\",\"potentialAction\":[{\"@type\":\"ReadAction\",\"target\":[\"http:\\\/\\\/www.groupesit.com\\\/pt-br\\\/cosmeticos\\\/\"]}]},{\"@type\":\"BreadcrumbList\",\"@id\":\"http:\\\/\\\/www.groupesit.com\\\/pt-br\\\/cosmeticos\\\/#breadcrumb\",\"itemListElement\":[{\"@type\":\"ListItem\",\"position\":1,\"name\":\"Accueil\",\"item\":\"http:\\\/\\\/www.groupesit.com\\\/pt-br\\\/\"},{\"@type\":\"ListItem\",\"position\":2,\"name\":\"Cosm\u00e9ticos\"}]},{\"@type\":\"WebSite\",\"@id\":\"http:\\\/\\\/www.groupesit.com\\\/pt-br\\\/#website\",\"url\":\"http:\\\/\\\/www.groupesit.com\\\/pt-br\\\/\",\"name\":\"Groupe SIT\",\"description\":\"Int\u00e9grateur process et utilit\u00e9s\",\"potentialAction\":[{\"@type\":\"SearchAction\",\"target\":{\"@type\":\"EntryPoint\",\"urlTemplate\":\"http:\\\/\\\/www.groupesit.com\\\/pt-br\\\/?s={search_term_string}\"},\"query-input\":{\"@type\":\"PropertyValueSpecification\",\"valueRequired\":true,\"valueName\":\"search_term_string\"}}],\"inLanguage\":\"pt-BR\"}]}<\/script>\n<!-- \/ Yoast SEO plugin. -->","yoast_head_json":{"title":"Groupe SIT - Int\u00e9grateur process et utilit\u00e9s - Cosm\u00e9tique","description":"Etudes et gestion de vos projets en cosm\u00e9tique, r\u00e9alisations en conformit\u00e9 avec les standards et les derni\u00e8res normes en vigueur.","robots":{"index":"index","follow":"follow","max-snippet":"max-snippet:-1","max-image-preview":"max-image-preview:large","max-video-preview":"max-video-preview:-1"},"canonical":"http:\/\/www.groupesit.com\/pt-br\/cosmeticos\/","og_locale":"pt_BR","og_type":"article","og_title":"Groupe SIT - Int\u00e9grateur process et utilit\u00e9s - Cosm\u00e9tique","og_description":"Etudes et gestion de vos projets en cosm\u00e9tique, r\u00e9alisations en conformit\u00e9 avec les standards et les derni\u00e8res normes en vigueur.","og_url":"http:\/\/www.groupesit.com\/pt-br\/cosmeticos\/","og_site_name":"Groupe SIT","article_modified_time":"2020-04-14T13:12:34+00:00","twitter_card":"summary_large_image","twitter_misc":{"Est. tempo de leitura":"1 minuto"},"schema":{"@context":"https:\/\/schema.org","@graph":[{"@type":"WebPage","@id":"http:\/\/www.groupesit.com\/pt-br\/cosmeticos\/","url":"http:\/\/www.groupesit.com\/pt-br\/cosmeticos\/","name":"Groupe SIT - Int\u00e9grateur process et utilit\u00e9s - Cosm\u00e9tique","isPartOf":{"@id":"http:\/\/www.groupesit.com\/pt-br\/#website"},"datePublished":"2019-08-06T13:01:57+00:00","dateModified":"2020-04-14T13:12:34+00:00","description":"Etudes et gestion de vos projets en cosm\u00e9tique, r\u00e9alisations en conformit\u00e9 avec les standards et les derni\u00e8res normes en vigueur.","breadcrumb":{"@id":"http:\/\/www.groupesit.com\/pt-br\/cosmeticos\/#breadcrumb"},"inLanguage":"pt-BR","potentialAction":[{"@type":"ReadAction","target":["http:\/\/www.groupesit.com\/pt-br\/cosmeticos\/"]}]},{"@type":"BreadcrumbList","@id":"http:\/\/www.groupesit.com\/pt-br\/cosmeticos\/#breadcrumb","itemListElement":[{"@type":"ListItem","position":1,"name":"Accueil","item":"http:\/\/www.groupesit.com\/pt-br\/"},{"@type":"ListItem","position":2,"name":"Cosm\u00e9ticos"}]},{"@type":"WebSite","@id":"http:\/\/www.groupesit.com\/pt-br\/#website","url":"http:\/\/www.groupesit.com\/pt-br\/","name":"Groupe SIT","description":"Int\u00e9grateur process et utilit\u00e9s","potentialAction":[{"@type":"SearchAction","target":{"@type":"EntryPoint","urlTemplate":"http:\/\/www.groupesit.com\/pt-br\/?s={search_term_string}"},"query-input":{"@type":"PropertyValueSpecification","valueRequired":true,"valueName":"search_term_string"}}],"inLanguage":"pt-BR"}]}},"_links":{"self":[{"href":"http:\/\/www.groupesit.com\/pt-br\/wp-json\/wp\/v2\/pages\/1903","targetHints":{"allow":["GET"]}}],"collection":[{"href":"http:\/\/www.groupesit.com\/pt-br\/wp-json\/wp\/v2\/pages"}],"about":[{"href":"http:\/\/www.groupesit.com\/pt-br\/wp-json\/wp\/v2\/types\/page"}],"author":[{"embeddable":true,"href":"http:\/\/www.groupesit.com\/pt-br\/wp-json\/wp\/v2\/users\/2"}],"replies":[{"embeddable":true,"href":"http:\/\/www.groupesit.com\/pt-br\/wp-json\/wp\/v2\/comments?post=1903"}],"version-history":[{"count":9,"href":"http:\/\/www.groupesit.com\/pt-br\/wp-json\/wp\/v2\/pages\/1903\/revisions"}],"predecessor-version":[{"id":3394,"href":"http:\/\/www.groupesit.com\/pt-br\/wp-json\/wp\/v2\/pages\/1903\/revisions\/3394"}],"wp:attachment":[{"href":"http:\/\/www.groupesit.com\/pt-br\/wp-json\/wp\/v2\/media?parent=1903"}],"curies":[{"name":"wp","href":"https:\/\/api.w.org\/{rel}","templated":true}]}}