{"id":1877,"date":"2019-08-06T13:56:40","date_gmt":"2019-08-06T11:56:40","guid":{"rendered":"http:\/\/51.91.110.143\/tanques-de-inox\/"},"modified":"2020-04-14T12:47:46","modified_gmt":"2020-04-14T10:47:46","slug":"tanques-de-inox","status":"publish","type":"page","link":"http:\/\/www.groupesit.com\/pt-br\/tanques-de-inox\/","title":{"rendered":"Tanques de inox"},"content":{"rendered":"\t\t<div data-elementor-type=\"wp-post\" data-elementor-id=\"1877\" class=\"elementor elementor-1877 elementor-416\">\n\t\t\t\t\t\t<section class=\"elementor-section elementor-top-section elementor-element elementor-element-399c945 elementor-section-full_width elementor-section-height-min-height elementor-section-items-stretch elementor-section-content-middle elementor-hidden-phone elementor-section-height-default\" data-id=\"399c945\" data-element_type=\"section\" data-e-type=\"section\" data-settings=\"{&quot;background_background&quot;:&quot;none&quot;}\">\n\t\t\t\t\t\t<div class=\"elementor-container elementor-column-gap-extended\">\n\t\t\t\t\t<div class=\"elementor-column elementor-col-25 elementor-top-column elementor-element elementor-element-0b0f0b9\" data-id=\"0b0f0b9\" data-element_type=\"column\" data-e-type=\"column\" data-settings=\"{&quot;background_background&quot;:&quot;classic&quot;}\">\n\t\t\t<div class=\"elementor-widget-wrap elementor-element-populated\">\n\t\t\t\t\t\t<div class=\"elementor-element elementor-element-bfe0b1f elementor-widget elementor-widget-spacer\" data-id=\"bfe0b1f\" data-element_type=\"widget\" data-e-type=\"widget\" data-widget_type=\"spacer.default\">\n\t\t\t\t<div class=\"elementor-widget-container\">\n\t\t\t\t\t\t\t<div class=\"elementor-spacer\">\n\t\t\t<div class=\"elementor-spacer-inner\"><\/div>\n\t\t<\/div>\n\t\t\t\t\t\t<\/div>\n\t\t\t\t<\/div>\n\t\t\t\t\t<\/div>\n\t\t<\/div>\n\t\t\t\t<div class=\"elementor-column elementor-col-25 elementor-top-column elementor-element elementor-element-ea202e8\" data-id=\"ea202e8\" data-element_type=\"column\" data-e-type=\"column\" data-settings=\"{&quot;background_background&quot;:&quot;classic&quot;}\">\n\t\t\t<div class=\"elementor-widget-wrap elementor-element-populated\">\n\t\t\t\t\t\t<div class=\"elementor-element elementor-element-da6eccd elementor-widget elementor-widget-gallery\" data-id=\"da6eccd\" data-element_type=\"widget\" data-e-type=\"widget\" data-widget_type=\"gallery.default\">\n\t\t\t\t<div class=\"elementor-widget-container\">\n\t\t\t\t\t \t\t\t\t<\/div>\n\t\t\t\t<\/div>\n\t\t\t\t\t<\/div>\n\t\t<\/div>\n\t\t\t\t<div class=\"elementor-column elementor-col-25 elementor-top-column elementor-element elementor-element-81470c1\" data-id=\"81470c1\" data-element_type=\"column\" data-e-type=\"column\" data-settings=\"{&quot;background_background&quot;:&quot;classic&quot;}\">\n\t\t\t<div class=\"elementor-widget-wrap\">\n\t\t\t\t\t\t\t<\/div>\n\t\t<\/div>\n\t\t\t\t<div class=\"elementor-column elementor-col-25 elementor-top-column elementor-element elementor-element-150fc52\" data-id=\"150fc52\" data-element_type=\"column\" data-e-type=\"column\">\n\t\t\t<div class=\"elementor-widget-wrap elementor-element-populated\">\n\t\t\t\t\t\t<div class=\"elementor-element elementor-element-dfc9f72 elementor-invisible elementor-widget elementor-widget-heading\" data-id=\"dfc9f72\" data-element_type=\"widget\" data-e-type=\"widget\" data-settings=\"{&quot;_animation&quot;:&quot;slideInUp&quot;}\" data-widget_type=\"heading.default\">\n\t\t\t\t<div class=\"elementor-widget-container\">\n\t\t\t\t\t<h2 class=\"elementor-heading-title elementor-size-default\">Nossas realiza\u00e7\u00f5es<\/h2>\t\t\t\t<\/div>\n\t\t\t\t<\/div>\n\t\t\t\t<div class=\"elementor-element elementor-element-ba2b38e elementor-widget-divider--view-line elementor-invisible elementor-widget elementor-widget-divider\" data-id=\"ba2b38e\" data-element_type=\"widget\" data-e-type=\"widget\" data-settings=\"{&quot;_animation&quot;:&quot;slideInUp&quot;}\" data-widget_type=\"divider.default\">\n\t\t\t\t<div class=\"elementor-widget-container\">\n\t\t\t\t\t\t\t<div class=\"elementor-divider\">\n\t\t\t<span class=\"elementor-divider-separator\">\n\t\t\t\t\t\t<\/span>\n\t\t<\/div>\n\t\t\t\t\t\t<\/div>\n\t\t\t\t<\/div>\n\t\t\t\t<div class=\"elementor-element elementor-element-8b4b1dd elementor-widget elementor-widget-text-editor\" data-id=\"8b4b1dd\" data-element_type=\"widget\" data-e-type=\"widget\" data-widget_type=\"text-editor.default\">\n\t\t\t\t<div class=\"elementor-widget-container\">\n\t\t\t\t\t\t\t\t\t<ul><li>Tanques, capacidade de at\u00e9 10m3<\/li><li>Design vertical ou horizontal<\/li><li>Diferentes n\u00edveis de especifica\u00e7\u00f5es<\/li><li>Tanques atmosf\u00e9ricos ou pressurizados (armazenamento <br \/>e aplica\u00e7\u00e3o de processo, condi\u00e7\u00f5es ultra-limpas e est\u00e9reis)<\/li><li>Agita\u00e7\u00e3o: mistura de agita\u00e7\u00e3o (tr\u00eas pas), eliminar a agita\u00e7\u00e3o<\/li><li>Tratamento da superf\u00edcie<\/li><li>Conformidade com os padr\u00f5es<\/li><li>Controle e qualidade<\/li><\/ul>\t\t\t\t\t\t\t\t<\/div>\n\t\t\t\t<\/div>\n\t\t\t\t\t<\/div>\n\t\t<\/div>\n\t\t\t\t\t<\/div>\n\t\t<\/section>\n\t\t\t\t<section class=\"elementor-section elementor-top-section elementor-element elementor-element-f3e72fb elementor-hidden-phone elementor-section-boxed elementor-section-height-default elementor-section-height-default\" data-id=\"f3e72fb\" data-element_type=\"section\" data-e-type=\"section\">\n\t\t\t\t\t\t<div class=\"elementor-container elementor-column-gap-extended\">\n\t\t\t\t\t<div class=\"elementor-column elementor-col-25 elementor-top-column elementor-element elementor-element-fa4256a\" data-id=\"fa4256a\" data-element_type=\"column\" data-e-type=\"column\" data-settings=\"{&quot;background_background&quot;:&quot;classic&quot;}\">\n\t\t\t<div class=\"elementor-widget-wrap elementor-element-populated\">\n\t\t\t\t\t\t<div class=\"elementor-element elementor-element-30a9f4c elementor-widget elementor-widget-gallery\" data-id=\"30a9f4c\" data-element_type=\"widget\" data-e-type=\"widget\" data-widget_type=\"gallery.default\">\n\t\t\t\t<div class=\"elementor-widget-container\">\n\t\t\t\t\t \t\t\t\t<\/div>\n\t\t\t\t<\/div>\n\t\t\t\t\t<\/div>\n\t\t<\/div>\n\t\t\t\t<div class=\"elementor-column elementor-col-25 elementor-top-column elementor-element elementor-element-f1768f0\" data-id=\"f1768f0\" data-element_type=\"column\" data-e-type=\"column\">\n\t\t\t<div class=\"elementor-widget-wrap\">\n\t\t\t\t\t\t\t<\/div>\n\t\t<\/div>\n\t\t\t\t<div class=\"elementor-column elementor-col-25 elementor-top-column elementor-element elementor-element-c305091\" data-id=\"c305091\" data-element_type=\"column\" data-e-type=\"column\">\n\t\t\t<div class=\"elementor-widget-wrap elementor-element-populated\">\n\t\t\t\t\t\t<div class=\"elementor-element elementor-element-30d931f elementor-widget elementor-widget-spacer\" data-id=\"30d931f\" data-element_type=\"widget\" data-e-type=\"widget\" data-widget_type=\"spacer.default\">\n\t\t\t\t<div class=\"elementor-widget-container\">\n\t\t\t\t\t\t\t<div class=\"elementor-spacer\">\n\t\t\t<div class=\"elementor-spacer-inner\"><\/div>\n\t\t<\/div>\n\t\t\t\t\t\t<\/div>\n\t\t\t\t<\/div>\n\t\t\t\t<div class=\"elementor-element elementor-element-d02ebb2 elementor-invisible elementor-widget elementor-widget-heading\" data-id=\"d02ebb2\" data-element_type=\"widget\" data-e-type=\"widget\" data-settings=\"{&quot;_animation&quot;:&quot;slideInUp&quot;}\" data-widget_type=\"heading.default\">\n\t\t\t\t<div class=\"elementor-widget-container\">\n\t\t\t\t\t<h2 class=\"elementor-heading-title elementor-size-default\">Equipamentos espec\u00edficos<\/h2>\t\t\t\t<\/div>\n\t\t\t\t<\/div>\n\t\t\t\t<div class=\"elementor-element elementor-element-b33cc94 elementor-widget-divider--view-line elementor-invisible elementor-widget elementor-widget-divider\" data-id=\"b33cc94\" data-element_type=\"widget\" data-e-type=\"widget\" data-settings=\"{&quot;_animation&quot;:&quot;slideInUp&quot;}\" data-widget_type=\"divider.default\">\n\t\t\t\t<div class=\"elementor-widget-container\">\n\t\t\t\t\t\t\t<div class=\"elementor-divider\">\n\t\t\t<span class=\"elementor-divider-separator\">\n\t\t\t\t\t\t<\/span>\n\t\t<\/div>\n\t\t\t\t\t\t<\/div>\n\t\t\t\t<\/div>\n\t\t\t\t<div class=\"elementor-element elementor-element-59dd0a7 elementor-widget elementor-widget-text-editor\" data-id=\"59dd0a7\" data-element_type=\"widget\" data-e-type=\"widget\" data-widget_type=\"text-editor.default\">\n\t\t\t\t<div class=\"elementor-widget-container\">\n\t\t\t\t\t\t\t\t\t<ul>\n<li>Tanques para \u00e1gua pot\u00e1vel<\/li>\n<li>Tanques de lan\u00e7amento<\/li>\n<li>Tanques de limpeza (CIP)<\/li>\n<li>Skids, equipamentos modulares<\/li>\n<li>Plataformas<\/li>\n<li>Passarelas de acesso e trilhos de seguran\u00e7a<\/li>\n<li>Escadas, serpentinas<\/li>\n<\/ul>\n\t\t\t\t\t\t\t\t<\/div>\n\t\t\t\t<\/div>\n\t\t\t\t\t<\/div>\n\t\t<\/div>\n\t\t\t\t<div class=\"elementor-column elementor-col-25 elementor-top-column elementor-element elementor-element-49825b5\" data-id=\"49825b5\" data-element_type=\"column\" data-e-type=\"column\">\n\t\t\t<div class=\"elementor-widget-wrap elementor-element-populated\">\n\t\t\t\t\t\t<div class=\"elementor-element elementor-element-a69aac7 elementor-widget elementor-widget-spacer\" data-id=\"a69aac7\" data-element_type=\"widget\" data-e-type=\"widget\" data-widget_type=\"spacer.default\">\n\t\t\t\t<div class=\"elementor-widget-container\">\n\t\t\t\t\t\t\t<div class=\"elementor-spacer\">\n\t\t\t<div class=\"elementor-spacer-inner\"><\/div>\n\t\t<\/div>\n\t\t\t\t\t\t<\/div>\n\t\t\t\t<\/div>\n\t\t\t\t<div class=\"elementor-element elementor-element-3f2ef5e elementor-invisible elementor-widget elementor-widget-heading\" data-id=\"3f2ef5e\" data-element_type=\"widget\" data-e-type=\"widget\" data-settings=\"{&quot;_animation&quot;:&quot;slideInUp&quot;}\" data-widget_type=\"heading.default\">\n\t\t\t\t<div class=\"elementor-widget-container\">\n\t\t\t\t\t<h2 class=\"elementor-heading-title elementor-size-default\">Nossos servi\u00e7os<\/h2>\t\t\t\t<\/div>\n\t\t\t\t<\/div>\n\t\t\t\t<div class=\"elementor-element elementor-element-8becc1f elementor-widget-divider--view-line elementor-invisible elementor-widget elementor-widget-divider\" data-id=\"8becc1f\" data-element_type=\"widget\" data-e-type=\"widget\" data-settings=\"{&quot;_animation&quot;:&quot;slideInUp&quot;}\" data-widget_type=\"divider.default\">\n\t\t\t\t<div class=\"elementor-widget-container\">\n\t\t\t\t\t\t\t<div class=\"elementor-divider\">\n\t\t\t<span class=\"elementor-divider-separator\">\n\t\t\t\t\t\t<\/span>\n\t\t<\/div>\n\t\t\t\t\t\t<\/div>\n\t\t\t\t<\/div>\n\t\t\t\t<div class=\"elementor-element elementor-element-3451710 elementor-widget elementor-widget-text-editor\" data-id=\"3451710\" data-element_type=\"widget\" data-e-type=\"widget\" data-widget_type=\"text-editor.default\">\n\t\t\t\t<div class=\"elementor-widget-container\">\n\t\t\t\t\t\t\t\t\t<ul><li>Solu\u00e7\u00f5es comprovadas<\/li><li>Dimensionamento do seu equipamento <br \/>sob press\u00e3o no software SICAP<\/li><li>Moderniza\u00e7\u00e3o das instala\u00e7\u00f5es existentes<\/li><li>Fornecimento de acess\u00f3rios normalizados (tubos, flanges, compensadores, trocadores)\u00a0<br \/>para todos os tipos de materiais <br \/>(a\u00e7o inoxid\u00e1vel, uranus)<\/li><\/ul>\t\t\t\t\t\t\t\t<\/div>\n\t\t\t\t<\/div>\n\t\t\t\t\t<\/div>\n\t\t<\/div>\n\t\t\t\t\t<\/div>\n\t\t<\/section>\n\t\t\t\t<section class=\"elementor-section elementor-top-section elementor-element elementor-element-02e12ba elementor-section-full_width elementor-section-height-min-height elementor-section-items-stretch elementor-section-content-middle elementor-hidden-desktop elementor-hidden-tablet elementor-section-height-default\" data-id=\"02e12ba\" data-element_type=\"section\" data-e-type=\"section\" data-settings=\"{&quot;background_background&quot;:&quot;none&quot;}\">\n\t\t\t\t\t\t<div class=\"elementor-container elementor-column-gap-extended\">\n\t\t\t\t\t<div class=\"elementor-column elementor-col-50 elementor-top-column elementor-element elementor-element-d38ff66\" data-id=\"d38ff66\" data-element_type=\"column\" data-e-type=\"column\" data-settings=\"{&quot;background_background&quot;:&quot;classic&quot;}\">\n\t\t\t<div class=\"elementor-widget-wrap elementor-element-populated\">\n\t\t\t\t\t\t<div class=\"elementor-element elementor-element-50f69c2 elementor-invisible elementor-widget elementor-widget-heading\" data-id=\"50f69c2\" data-element_type=\"widget\" data-e-type=\"widget\" data-settings=\"{&quot;_animation&quot;:&quot;slideInUp&quot;}\" data-widget_type=\"heading.default\">\n\t\t\t\t<div class=\"elementor-widget-container\">\n\t\t\t\t\t<h2 class=\"elementor-heading-title elementor-size-default\">Nossas realiza\u00e7\u00f5es<\/h2>\t\t\t\t<\/div>\n\t\t\t\t<\/div>\n\t\t\t\t<div class=\"elementor-element elementor-element-1b52c3b elementor-widget-divider--view-line elementor-invisible elementor-widget elementor-widget-divider\" data-id=\"1b52c3b\" data-element_type=\"widget\" data-e-type=\"widget\" data-settings=\"{&quot;_animation&quot;:&quot;slideInUp&quot;}\" data-widget_type=\"divider.default\">\n\t\t\t\t<div class=\"elementor-widget-container\">\n\t\t\t\t\t\t\t<div class=\"elementor-divider\">\n\t\t\t<span class=\"elementor-divider-separator\">\n\t\t\t\t\t\t<\/span>\n\t\t<\/div>\n\t\t\t\t\t\t<\/div>\n\t\t\t\t<\/div>\n\t\t\t\t<div class=\"elementor-element elementor-element-c6b702e elementor-widget elementor-widget-slides\" data-id=\"c6b702e\" data-element_type=\"widget\" data-e-type=\"widget\" data-widget_type=\"slides.default\">\n\t\t\t\t<div class=\"elementor-widget-container\">\n\t\t\t\t\t \t\t\t\t<\/div>\n\t\t\t\t<\/div>\n\t\t\t\t\t<\/div>\n\t\t<\/div>\n\t\t\t\t<div class=\"elementor-column elementor-col-50 elementor-top-column elementor-element elementor-element-93306f0\" data-id=\"93306f0\" data-element_type=\"column\" data-e-type=\"column\">\n\t\t\t<div class=\"elementor-widget-wrap elementor-element-populated\">\n\t\t\t\t\t\t<div class=\"elementor-element elementor-element-d25cc73 elementor-widget elementor-widget-text-editor\" data-id=\"d25cc73\" data-element_type=\"widget\" data-e-type=\"widget\" data-widget_type=\"text-editor.default\">\n\t\t\t\t<div class=\"elementor-widget-container\">\n\t\t\t\t\t\t\t\t\t<ul><li>Tanques, capacidade de at\u00e9 10m3<\/li><li>Design vertical ou horizontal<\/li><li>Diferentes n\u00edveis de especifica\u00e7\u00f5es<\/li><li>Tanques atmosf\u00e9ricos ou pressurizados (armazenamento e aplica\u00e7\u00e3o de processo, condi\u00e7\u00f5es ultra-limpas e est\u00e9reis)<\/li><li>Agita\u00e7\u00e3o: <br \/>\u00a0 \u00a0&#8211; mistura de agita\u00e7\u00e3o (tr\u00eas pas)<br \/>\u00a0 \u00a0&#8211; eliminar a agita\u00e7\u00e3o<\/li><li>Tratamento da superf\u00edcie<\/li><li>Conformidade com os padr\u00f5es<\/li><li>Controle e qualidade<\/li><\/ul>\t\t\t\t\t\t\t\t<\/div>\n\t\t\t\t<\/div>\n\t\t\t\t\t<\/div>\n\t\t<\/div>\n\t\t\t\t\t<\/div>\n\t\t<\/section>\n\t\t\t\t<section class=\"elementor-section elementor-top-section elementor-element elementor-element-7e3e80d elementor-section-full_width elementor-hidden-desktop elementor-hidden-tablet elementor-section-height-default elementor-section-height-default\" data-id=\"7e3e80d\" data-element_type=\"section\" data-e-type=\"section\">\n\t\t\t\t\t\t<div class=\"elementor-container elementor-column-gap-extended\">\n\t\t\t\t\t<div class=\"elementor-column elementor-col-50 elementor-top-column elementor-element elementor-element-b638b18\" data-id=\"b638b18\" data-element_type=\"column\" data-e-type=\"column\">\n\t\t\t<div class=\"elementor-widget-wrap elementor-element-populated\">\n\t\t\t\t\t\t<div class=\"elementor-element elementor-element-6258348 elementor-invisible elementor-widget elementor-widget-heading\" data-id=\"6258348\" data-element_type=\"widget\" data-e-type=\"widget\" data-settings=\"{&quot;_animation&quot;:&quot;slideInUp&quot;}\" data-widget_type=\"heading.default\">\n\t\t\t\t<div class=\"elementor-widget-container\">\n\t\t\t\t\t<h2 class=\"elementor-heading-title elementor-size-default\">Equipamentos espec\u00edficos<\/h2>\t\t\t\t<\/div>\n\t\t\t\t<\/div>\n\t\t\t\t<div class=\"elementor-element elementor-element-837caae elementor-widget-divider--view-line elementor-invisible elementor-widget elementor-widget-divider\" data-id=\"837caae\" data-element_type=\"widget\" data-e-type=\"widget\" data-settings=\"{&quot;_animation&quot;:&quot;slideInUp&quot;}\" data-widget_type=\"divider.default\">\n\t\t\t\t<div class=\"elementor-widget-container\">\n\t\t\t\t\t\t\t<div class=\"elementor-divider\">\n\t\t\t<span class=\"elementor-divider-separator\">\n\t\t\t\t\t\t<\/span>\n\t\t<\/div>\n\t\t\t\t\t\t<\/div>\n\t\t\t\t<\/div>\n\t\t\t\t<div class=\"elementor-element elementor-element-934abce elementor-widget elementor-widget-text-editor\" data-id=\"934abce\" data-element_type=\"widget\" data-e-type=\"widget\" data-widget_type=\"text-editor.default\">\n\t\t\t\t<div class=\"elementor-widget-container\">\n\t\t\t\t\t\t\t\t\t<ul><li>Tanques para \u00e1gua pot\u00e1vel<\/li><li>Tanques de lan\u00e7amento<\/li><li>Tanques de limpeza (CIP)<\/li><li>Skids, equipamentos modulares<\/li><li>Plataformas<\/li><li>Passarelas de acesso<\/li><li>Trilhos de seguran\u00e7a<\/li><li>Escadas, serpentinas<\/li><\/ul>\t\t\t\t\t\t\t\t<\/div>\n\t\t\t\t<\/div>\n\t\t\t\t\t<\/div>\n\t\t<\/div>\n\t\t\t\t<div class=\"elementor-column elementor-col-50 elementor-top-column elementor-element elementor-element-4ba216b\" data-id=\"4ba216b\" data-element_type=\"column\" data-e-type=\"column\">\n\t\t\t<div class=\"elementor-widget-wrap elementor-element-populated\">\n\t\t\t\t\t\t<div class=\"elementor-element elementor-element-f853e7d elementor-invisible elementor-widget elementor-widget-heading\" data-id=\"f853e7d\" data-element_type=\"widget\" data-e-type=\"widget\" data-settings=\"{&quot;_animation&quot;:&quot;slideInUp&quot;}\" data-widget_type=\"heading.default\">\n\t\t\t\t<div class=\"elementor-widget-container\">\n\t\t\t\t\t<h2 class=\"elementor-heading-title elementor-size-default\">Nossos servi\u00e7os<\/h2>\t\t\t\t<\/div>\n\t\t\t\t<\/div>\n\t\t\t\t<div class=\"elementor-element elementor-element-c21c2ec elementor-widget-divider--view-line elementor-invisible elementor-widget elementor-widget-divider\" data-id=\"c21c2ec\" data-element_type=\"widget\" data-e-type=\"widget\" data-settings=\"{&quot;_animation&quot;:&quot;slideInUp&quot;}\" data-widget_type=\"divider.default\">\n\t\t\t\t<div class=\"elementor-widget-container\">\n\t\t\t\t\t\t\t<div class=\"elementor-divider\">\n\t\t\t<span class=\"elementor-divider-separator\">\n\t\t\t\t\t\t<\/span>\n\t\t<\/div>\n\t\t\t\t\t\t<\/div>\n\t\t\t\t<\/div>\n\t\t\t\t<div class=\"elementor-element elementor-element-44504e3 elementor-widget elementor-widget-slides\" data-id=\"44504e3\" data-element_type=\"widget\" data-e-type=\"widget\" data-widget_type=\"slides.default\">\n\t\t\t\t<div class=\"elementor-widget-container\">\n\t\t\t\t\t \t\t\t\t<\/div>\n\t\t\t\t<\/div>\n\t\t\t\t<div class=\"elementor-element elementor-element-864cf17 elementor-widget elementor-widget-text-editor\" data-id=\"864cf17\" data-element_type=\"widget\" data-e-type=\"widget\" data-widget_type=\"text-editor.default\">\n\t\t\t\t<div class=\"elementor-widget-container\">\n\t\t\t\t\t\t\t\t\t<ul><li>Solu\u00e7\u00f5es comprovadas<\/li><li>Dimensionamento do seu equipamento sob press\u00e3o no software SICAP<\/li><li>Moderniza\u00e7\u00e3o das instala\u00e7\u00f5es existentes<\/li><li>Fornecimento de acess\u00f3rios normalizados (tubos, flanges, compensadores, trocadores) para todos os tipos de materiais <br \/>(a\u00e7o inoxid\u00e1vel, uranus)<\/li><\/ul>\t\t\t\t\t\t\t\t<\/div>\n\t\t\t\t<\/div>\n\t\t\t\t\t<\/div>\n\t\t<\/div>\n\t\t\t\t\t<\/div>\n\t\t<\/section>\n\t\t\t\t<\/div>\n\t\t","protected":false},"excerpt":{"rendered":"<p>Nossas realiza\u00e7\u00f5es Tanques, capacidade de at\u00e9 10m3 Design vertical ou horizontal Diferentes n\u00edveis de especifica\u00e7\u00f5es Tanques atmosf\u00e9ricos ou pressurizados (armazenamento e aplica\u00e7\u00e3o de processo, condi\u00e7\u00f5es ultra-limpas e est\u00e9reis) Agita\u00e7\u00e3o: mistura de agita\u00e7\u00e3o (tr\u00eas pas), eliminar a agita\u00e7\u00e3o Tratamento da superf\u00edcie Conformidade com os padr\u00f5es Controle e qualidade Equipamentos espec\u00edficos Tanques para \u00e1gua pot\u00e1vel Tanques de [&hellip;]<\/p>\n","protected":false},"author":2,"featured_media":0,"parent":0,"menu_order":0,"comment_status":"closed","ping_status":"closed","template":"","meta":{"inline_featured_image":false,"footnotes":""},"class_list":["post-1877","page","type-page","status-publish","hentry"],"yoast_head":"<!-- This site is optimized with the Yoast SEO plugin v27.5 - https:\/\/yoast.com\/product\/yoast-seo-wordpress\/ -->\n<title>Groupe SIT - Int\u00e9grateur process et utilit\u00e9s - Chaudronnerie inox<\/title>\n<meta name=\"description\" content=\"Nos solutions \u00e9prouv\u00e9es en chaudronnerie et serrurerie inox : b\u00e2ches \u00e0 eau alimentaire, bacs de lancement, ensembles de nettoyage (NEP), skids, modules etc.\" \/>\n<meta name=\"robots\" content=\"index, follow, max-snippet:-1, max-image-preview:large, max-video-preview:-1\" \/>\n<link rel=\"canonical\" href=\"http:\/\/www.groupesit.com\/pt-br\/tanques-de-inox\/\" \/>\n<meta property=\"og:locale\" content=\"pt_BR\" \/>\n<meta property=\"og:type\" content=\"article\" \/>\n<meta property=\"og:title\" content=\"Groupe SIT - Int\u00e9grateur process et utilit\u00e9s - Chaudronnerie inox\" \/>\n<meta property=\"og:description\" content=\"Nos solutions \u00e9prouv\u00e9es en chaudronnerie et serrurerie inox : b\u00e2ches \u00e0 eau alimentaire, bacs de lancement, ensembles de nettoyage (NEP), skids, modules etc.\" \/>\n<meta property=\"og:url\" content=\"http:\/\/www.groupesit.com\/pt-br\/tanques-de-inox\/\" \/>\n<meta property=\"og:site_name\" content=\"Groupe SIT\" \/>\n<meta property=\"article:modified_time\" content=\"2020-04-14T10:47:46+00:00\" \/>\n<meta name=\"twitter:card\" content=\"summary_large_image\" \/>\n<meta name=\"twitter:label1\" content=\"Est. tempo de leitura\" \/>\n\t<meta name=\"twitter:data1\" content=\"1 minuto\" \/>\n<script type=\"application\/ld+json\" class=\"yoast-schema-graph\">{\"@context\":\"https:\\\/\\\/schema.org\",\"@graph\":[{\"@type\":\"WebPage\",\"@id\":\"http:\\\/\\\/www.groupesit.com\\\/pt-br\\\/tanques-de-inox\\\/\",\"url\":\"http:\\\/\\\/www.groupesit.com\\\/pt-br\\\/tanques-de-inox\\\/\",\"name\":\"Groupe SIT - Int\u00e9grateur process et utilit\u00e9s - Chaudronnerie inox\",\"isPartOf\":{\"@id\":\"http:\\\/\\\/www.groupesit.com\\\/pt-br\\\/#website\"},\"datePublished\":\"2019-08-06T11:56:40+00:00\",\"dateModified\":\"2020-04-14T10:47:46+00:00\",\"description\":\"Nos solutions \u00e9prouv\u00e9es en chaudronnerie et serrurerie inox : b\u00e2ches \u00e0 eau alimentaire, bacs de lancement, ensembles de nettoyage (NEP), skids, modules etc.\",\"breadcrumb\":{\"@id\":\"http:\\\/\\\/www.groupesit.com\\\/pt-br\\\/tanques-de-inox\\\/#breadcrumb\"},\"inLanguage\":\"pt-BR\",\"potentialAction\":[{\"@type\":\"ReadAction\",\"target\":[\"http:\\\/\\\/www.groupesit.com\\\/pt-br\\\/tanques-de-inox\\\/\"]}]},{\"@type\":\"BreadcrumbList\",\"@id\":\"http:\\\/\\\/www.groupesit.com\\\/pt-br\\\/tanques-de-inox\\\/#breadcrumb\",\"itemListElement\":[{\"@type\":\"ListItem\",\"position\":1,\"name\":\"Accueil\",\"item\":\"http:\\\/\\\/www.groupesit.com\\\/pt-br\\\/\"},{\"@type\":\"ListItem\",\"position\":2,\"name\":\"Tanques de inox\"}]},{\"@type\":\"WebSite\",\"@id\":\"http:\\\/\\\/www.groupesit.com\\\/pt-br\\\/#website\",\"url\":\"http:\\\/\\\/www.groupesit.com\\\/pt-br\\\/\",\"name\":\"Groupe SIT\",\"description\":\"Int\u00e9grateur process et utilit\u00e9s\",\"potentialAction\":[{\"@type\":\"SearchAction\",\"target\":{\"@type\":\"EntryPoint\",\"urlTemplate\":\"http:\\\/\\\/www.groupesit.com\\\/pt-br\\\/?s={search_term_string}\"},\"query-input\":{\"@type\":\"PropertyValueSpecification\",\"valueRequired\":true,\"valueName\":\"search_term_string\"}}],\"inLanguage\":\"pt-BR\"}]}<\/script>\n<!-- \/ Yoast SEO plugin. -->","yoast_head_json":{"title":"Groupe SIT - Int\u00e9grateur process et utilit\u00e9s - Chaudronnerie inox","description":"Nos solutions \u00e9prouv\u00e9es en chaudronnerie et serrurerie inox : b\u00e2ches \u00e0 eau alimentaire, bacs de lancement, ensembles de nettoyage (NEP), skids, modules etc.","robots":{"index":"index","follow":"follow","max-snippet":"max-snippet:-1","max-image-preview":"max-image-preview:large","max-video-preview":"max-video-preview:-1"},"canonical":"http:\/\/www.groupesit.com\/pt-br\/tanques-de-inox\/","og_locale":"pt_BR","og_type":"article","og_title":"Groupe SIT - Int\u00e9grateur process et utilit\u00e9s - Chaudronnerie inox","og_description":"Nos solutions \u00e9prouv\u00e9es en chaudronnerie et serrurerie inox : b\u00e2ches \u00e0 eau alimentaire, bacs de lancement, ensembles de nettoyage (NEP), skids, modules etc.","og_url":"http:\/\/www.groupesit.com\/pt-br\/tanques-de-inox\/","og_site_name":"Groupe SIT","article_modified_time":"2020-04-14T10:47:46+00:00","twitter_card":"summary_large_image","twitter_misc":{"Est. tempo de leitura":"1 minuto"},"schema":{"@context":"https:\/\/schema.org","@graph":[{"@type":"WebPage","@id":"http:\/\/www.groupesit.com\/pt-br\/tanques-de-inox\/","url":"http:\/\/www.groupesit.com\/pt-br\/tanques-de-inox\/","name":"Groupe SIT - Int\u00e9grateur process et utilit\u00e9s - Chaudronnerie inox","isPartOf":{"@id":"http:\/\/www.groupesit.com\/pt-br\/#website"},"datePublished":"2019-08-06T11:56:40+00:00","dateModified":"2020-04-14T10:47:46+00:00","description":"Nos solutions \u00e9prouv\u00e9es en chaudronnerie et serrurerie inox : b\u00e2ches \u00e0 eau alimentaire, bacs de lancement, ensembles de nettoyage (NEP), skids, modules etc.","breadcrumb":{"@id":"http:\/\/www.groupesit.com\/pt-br\/tanques-de-inox\/#breadcrumb"},"inLanguage":"pt-BR","potentialAction":[{"@type":"ReadAction","target":["http:\/\/www.groupesit.com\/pt-br\/tanques-de-inox\/"]}]},{"@type":"BreadcrumbList","@id":"http:\/\/www.groupesit.com\/pt-br\/tanques-de-inox\/#breadcrumb","itemListElement":[{"@type":"ListItem","position":1,"name":"Accueil","item":"http:\/\/www.groupesit.com\/pt-br\/"},{"@type":"ListItem","position":2,"name":"Tanques de inox"}]},{"@type":"WebSite","@id":"http:\/\/www.groupesit.com\/pt-br\/#website","url":"http:\/\/www.groupesit.com\/pt-br\/","name":"Groupe SIT","description":"Int\u00e9grateur process et utilit\u00e9s","potentialAction":[{"@type":"SearchAction","target":{"@type":"EntryPoint","urlTemplate":"http:\/\/www.groupesit.com\/pt-br\/?s={search_term_string}"},"query-input":{"@type":"PropertyValueSpecification","valueRequired":true,"valueName":"search_term_string"}}],"inLanguage":"pt-BR"}]}},"_links":{"self":[{"href":"http:\/\/www.groupesit.com\/pt-br\/wp-json\/wp\/v2\/pages\/1877","targetHints":{"allow":["GET"]}}],"collection":[{"href":"http:\/\/www.groupesit.com\/pt-br\/wp-json\/wp\/v2\/pages"}],"about":[{"href":"http:\/\/www.groupesit.com\/pt-br\/wp-json\/wp\/v2\/types\/page"}],"author":[{"embeddable":true,"href":"http:\/\/www.groupesit.com\/pt-br\/wp-json\/wp\/v2\/users\/2"}],"replies":[{"embeddable":true,"href":"http:\/\/www.groupesit.com\/pt-br\/wp-json\/wp\/v2\/comments?post=1877"}],"version-history":[{"count":12,"href":"http:\/\/www.groupesit.com\/pt-br\/wp-json\/wp\/v2\/pages\/1877\/revisions"}],"predecessor-version":[{"id":3302,"href":"http:\/\/www.groupesit.com\/pt-br\/wp-json\/wp\/v2\/pages\/1877\/revisions\/3302"}],"wp:attachment":[{"href":"http:\/\/www.groupesit.com\/pt-br\/wp-json\/wp\/v2\/media?parent=1877"}],"curies":[{"name":"wp","href":"https:\/\/api.w.org\/{rel}","templated":true}]}}